{"id":1518,"date":"2020-05-09T19:30:46","date_gmt":"2020-05-09T17:30:46","guid":{"rendered":"http:\/\/el.commonsupport.com\/newwp\/envolve\/?page_id=9"},"modified":"2026-03-08T10:13:31","modified_gmt":"2026-03-08T09:13:31","slug":"home","status":"publish","type":"page","link":"https:\/\/musik-foag.de\/en\/","title":{"rendered":"Home"},"content":{"rendered":"<div data-elementor-type=\"wp-page\" data-elementor-id=\"1518\" class=\"elementor elementor-1518\">\n\t\t\t\t\t\t<section class=\"elementor-section elementor-top-section elementor-element elementor-element-41c25f1 elementor-section-full_width elementor-section-height-default elementor-section-height-default\" data-id=\"41c25f1\" data-element_type=\"section\" data-e-type=\"section\">\n\t\t\t\t\t\t<div class=\"elementor-container elementor-column-gap-default\">\n\t\t\t\t\t<div class=\"elementor-column elementor-col-100 elementor-top-column elementor-element elementor-element-e11a441\" data-id=\"e11a441\" data-element_type=\"column\" data-e-type=\"column\">\n\t\t\t<div class=\"elementor-widget-wrap elementor-element-populated\">\n\t\t\t\t\t\t<div class=\"elementor-element elementor-element-45dc93c elementor-widget elementor-widget-envolve_home_slider_v1\" data-id=\"45dc93c\" data-element_type=\"widget\" data-e-type=\"widget\" data-widget_type=\"envolve_home_slider_v1.default\">\n\t\t\t\t<div class=\"elementor-widget-container\">\n\t\t\t\t\t        \r\n        <!-- Banner Section -->\r\n        <section class=\"banner-section style-one\">\r\n            <div class=\"banner-carousel theme_carousel owl-theme owl-carousel\" data-options='{\"loop\": true, \"margin\": 0, \"autoheight\":true, \"lazyload\":true, \"nav\": true, \"dots\": true, \"autoplay\": false, \"autoplayTimeout\": 6000, \"smartSpeed\": 1000, \"responsive\":{ \"0\" :{ \"items\": \"1\" }, \"768\" :{ \"items\" : \"1\" } , \"1000\":{ \"items\" : \"1\" }}}'>\r\n                                                <!-- Slide Item -->\r\n                <div class=\"slide-item\">\r\n                    <div class=\"image-layer lazy-image\" data-bg=\"url('https:\/\/musik-foag.de\/wp-content\/uploads\/2021\/05\/slider-praezision-2.jpg')\"><\/div>\r\n    \r\n                    <div class=\"auto-container\">\r\n                        <div class=\"content-box\">\r\n                            <div>\r\n                                <h3>Clarinet manufacturing  <\/h3>\r\n                                <h2>Highest precision<\/h2>\r\n                                <div class=\"text\">We manufacture clarinets and metal clarinets. 100% Made in Germany<\/div>\r\n                                <div class=\"btn-box\">\r\n                                    <a href=\"\/en\/ueber-uns\/\" class=\"theme-btn btn-style-one\"><span class=\"btn-title\">About us<\/span><\/a>\r\n                                    <a href=\"\/en\/kontakt\/\" class=\"theme-btn btn-style-two\"><span class=\"btn-title\">Contact<\/span><\/a>\r\n                                <\/div>\r\n                            <\/div>                            \r\n                        <\/div>\r\n                    <\/div>\r\n                <\/div>\r\n    \t\t\t\r\n\t\t\t\t                                <!-- Slide Item -->\r\n                <div class=\"slide-item\">\r\n                    <div class=\"image-layer lazy-image\" data-bg=\"url('https:\/\/musik-foag.de\/wp-content\/uploads\/2021\/05\/slider-home-3-2.jpg')\"><\/div>\r\n    \r\n                    <div class=\"auto-container\">\r\n                        <div class=\"content-box\">\r\n                            <div>\r\n                                <h3>Foag Clarinet manufacturing  <\/h3>\r\n                                <h2>Clarinets<br \/>from a master hand<\/h2>\r\n                                <div class=\"text\">We manufacture high-quality musical instruments in our family-run craft business.<\/div>\r\n                                <div class=\"btn-box\">\r\n                                    <a href=\"\/en\/ueber-uns\/\" class=\"theme-btn btn-style-one\"><span class=\"btn-title\">About us<\/span><\/a>\r\n                                    <a href=\"\/en\/kontakt\/\" class=\"theme-btn btn-style-two\"><span class=\"btn-title\">Contact<\/span><\/a>\r\n                                <\/div>\r\n                            <\/div>                            \r\n                        <\/div>\r\n                    <\/div>\r\n                <\/div>\r\n    \t\t\t\r\n\t\t\t\t                                <!-- Slide Item -->\r\n                <div class=\"slide-item\">\r\n                    <div class=\"image-layer lazy-image\" data-bg=\"url('https:\/\/musik-foag.de\/wp-content\/uploads\/2021\/05\/slider-home-flamme.jpg')\"><\/div>\r\n    \r\n                    <div class=\"auto-container\">\r\n                        <div class=\"content-box\">\r\n                            <div>\r\n                                <h3>Clarinet manufacturing  <\/h3>\r\n                                <h2>Metal clarinets<br \/>for every requirement<\/h2>\r\n                                <div class=\"text\">We manufacture metal clarinets in all sizes from the G-high to the double bass clarinet according to your wishes. <\/div>\r\n                                <div class=\"btn-box\">\r\n                                    <a href=\"#\" class=\"theme-btn btn-style-one\"><span class=\"btn-title\">About us<\/span><\/a>\r\n                                    <a href=\"#\" class=\"theme-btn btn-style-two\"><span class=\"btn-title\">Contact<\/span><\/a>\r\n                                <\/div>\r\n                            <\/div>                            \r\n                        <\/div>\r\n                    <\/div>\r\n                <\/div>\r\n    \t\t\t\r\n\t\t\t\t            <\/div>\r\n        <\/section>\r\n        <!--End Banner Section -->\r\n         \r\n\t\t\t\t\t\t<\/div>\n\t\t\t\t<\/div>\n\t\t\t\t\t<\/div>\n\t\t<\/div>\n\t\t\t\t\t<\/div>\n\t\t<\/section>\n\t\t\t\t<section class=\"elementor-section elementor-top-section elementor-element elementor-element-fc8b9d9 elementor-section-full_width elementor-section-height-default elementor-section-height-default\" data-id=\"fc8b9d9\" data-element_type=\"section\" data-e-type=\"section\">\n\t\t\t\t\t\t<div class=\"elementor-container elementor-column-gap-default\">\n\t\t\t\t\t<div class=\"elementor-column elementor-col-100 elementor-top-column elementor-element elementor-element-7537456\" data-id=\"7537456\" data-element_type=\"column\" data-e-type=\"column\">\n\t\t\t<div class=\"elementor-widget-wrap\">\n\t\t\t\t\t\t\t<\/div>\n\t\t<\/div>\n\t\t\t\t\t<\/div>\n\t\t<\/section>\n\t\t\t\t<section class=\"elementor-section elementor-top-section elementor-element elementor-element-fceed74 elementor-section-full_width elementor-section-height-default elementor-section-height-default\" data-id=\"fceed74\" data-element_type=\"section\" data-e-type=\"section\">\n\t\t\t\t\t\t<div class=\"elementor-container elementor-column-gap-default\">\n\t\t\t\t\t<div class=\"elementor-column elementor-col-100 elementor-top-column elementor-element elementor-element-6596321\" data-id=\"6596321\" data-element_type=\"column\" data-e-type=\"column\">\n\t\t\t<div class=\"elementor-widget-wrap elementor-element-populated\">\n\t\t\t\t\t\t<div class=\"elementor-element elementor-element-c3725cc elementor-widget elementor-widget-envolve_about_us_v7\" data-id=\"c3725cc\" data-element_type=\"widget\" data-e-type=\"widget\" data-widget_type=\"envolve_about_us_v7.default\">\n\t\t\t\t<div class=\"elementor-widget-container\">\n\t\t\t\t\t        \r\n        <!-- About Section Six -->\r\n        <section class=\"about-section-six\">\r\n            <div class=\"auto-container\">\r\n                <div class=\"row\">\r\n                    <div class=\"col-lg-6 content-column\">\r\n                        <div class=\"sec-title\">\r\n                            <h2>We build clarinets<br \/>of passion<\/h2>\r\n                            <div class=\"text-decoration\">\r\n                                <span class=\"left\"><\/span>\r\n                                <span class=\"right\"><\/span>\r\n                            <\/div>\r\n                            <div class=\"text\">They are the result of traditional craftsmanship with innovative structures.\nIndependent ideas and developments complete our distinctive instruments. <\/div>\r\n                        <\/div>\r\n                        <div class=\"author-box\">\r\n                            <div class=\"signature\"><img decoding=\"async\" src=\"https:\/\/musik-foag.de\/wp-content\/uploads\/2021\/05\/signatur-2.png\" alt=\"Awesome Image\"><\/div>\r\n                            <div class=\"author-info\">\r\n                                <h4>Martin Foag<\/h4>\r\n                                <h5>Owner<\/h5>\r\n                            <\/div>\r\n                        <\/div>\r\n                    <\/div>\r\n                    <div class=\"col-lg-6\">\r\n                        <div class=\"experience-years-block\">\r\n                            <div class=\"image\">\r\n                                <img decoding=\"async\" src=\"https:\/\/musik-foag.de\/wp-content\/uploads\/2021\/05\/klarinette_kreis.jpg\" alt=\"Awesome Image\">\r\n                                <h2>30<\/h2>\r\n                            <\/div>\r\n                            <div class=\"text\">Years of <br> experience<\/div>\r\n                        <\/div>\r\n                    <\/div>\r\n                <\/div>\r\n                <div class=\"row\">\r\n                    <div class=\"col-lg-6\">\r\n                        <div class=\"image\"><img decoding=\"async\" src=\"https:\/\/musik-foag.de\/wp-content\/uploads\/2021\/05\/instrumente.jpg\" alt=\"Awesome Image\"><\/div>\r\n                    <\/div>\r\n                    <div class=\"col-lg-6\">\r\n                        <div class=\"sec-title\">\r\n                            <h2>Each instrument is unique<\/h2>\r\n                            <div class=\"text-decoration\">\r\n                                <span class=\"left\"><\/span>\r\n                                <span class=\"right\"><\/span>\r\n                            <\/div>\r\n                        <\/div>\r\n                                                <div class=\"whay-choose-block\">\r\n                            <div class=\"inner-box\">\r\n                                <div class=\"icon\"><span class=\"flaticon-arrow\"><\/span><\/div>\r\n                                <h4>Made by a master hand<\/h4>\r\n                                <div class=\"text\">Each instrument is made with the highest quality craftsmanship.<\/div>\r\n                            <\/div>\r\n                        <\/div>\r\n                                                <div class=\"whay-choose-block\">\r\n                            <div class=\"inner-box\">\r\n                                <div class=\"icon\"><span class=\"flaticon-arrow\"><\/span><\/div>\r\n                                <h4>Custom made<\/h4>\r\n                                <div class=\"text\">All models can be custom-made according to individual customer requirements.<\/div>\r\n                            <\/div>\r\n                        <\/div>\r\n                                            <\/div>\r\n                <\/div>\r\n            <\/div>\r\n        <\/section>\r\n         \r\n\t\t\t\t\t\t<\/div>\n\t\t\t\t<\/div>\n\t\t\t\t\t<\/div>\n\t\t<\/div>\n\t\t\t\t\t<\/div>\n\t\t<\/section>\n\t\t\t\t<section class=\"elementor-section elementor-top-section elementor-element elementor-element-ade52d2 elementor-section-full_width elementor-section-height-min-height elementor-section-height-default elementor-section-items-middle\" data-id=\"ade52d2\" data-element_type=\"section\" data-e-type=\"section\">\n\t\t\t\t\t\t<div class=\"elementor-container elementor-column-gap-default\">\n\t\t\t\t\t<div class=\"elementor-column elementor-col-100 elementor-top-column elementor-element elementor-element-5b23f3f\" data-id=\"5b23f3f\" data-element_type=\"column\" data-e-type=\"column\">\n\t\t\t<div class=\"elementor-widget-wrap\">\n\t\t\t\t\t\t\t<\/div>\n\t\t<\/div>\n\t\t\t\t\t<\/div>\n\t\t<\/section>\n\t\t\t\t<section class=\"elementor-section elementor-top-section elementor-element elementor-element-877c227 elementor-section-full_width elementor-section-height-default elementor-section-height-default\" data-id=\"877c227\" data-element_type=\"section\" data-e-type=\"section\">\n\t\t\t\t\t\t<div class=\"elementor-container elementor-column-gap-default\">\n\t\t\t\t\t<div class=\"elementor-column elementor-col-100 elementor-top-column elementor-element elementor-element-08cb6ff\" data-id=\"08cb6ff\" data-element_type=\"column\" data-e-type=\"column\">\n\t\t\t<div class=\"elementor-widget-wrap elementor-element-populated\">\n\t\t\t\t\t\t<div class=\"elementor-element elementor-element-501aefb elementor-widget elementor-widget-envolve_our_features\" data-id=\"501aefb\" data-element_type=\"widget\" data-e-type=\"widget\" data-widget_type=\"envolve_our_features.default\">\n\t\t\t\t<div class=\"elementor-widget-container\">\n\t\t\t\t\t        \r\n        <!-- Feature Section Two -->\r\n        <section class=\"feature-section-two\">\r\n            <div class=\"auto-container\">\r\n                <div class=\"row\">\r\n                                        <div class=\"col-lg-6 feature-block-two style-two\">\r\n                        <div class=\"shape-box\">\r\n                            <div class=\"inner-box\">\r\n                                <div class=\"icon\"><span class=\"flaticon-world-1\"><\/span><\/div>\r\n                                <h4>In demand worldwide<\/h4>\r\n                                <div class=\"text\">Our clarinets are used by beginners<br>\nand professionals all over the world.<\/div>\r\n                            <\/div>\r\n                        <\/div>\r\n                    <\/div>\r\n                                        <div class=\"col-lg-6 feature-block-two style-two\">\r\n                        <div class=\"shape-box\">\r\n                            <div class=\"inner-box\">\r\n                                <div class=\"icon\"><span class=\"flaticon-agreement\"><\/span><\/div>\r\n                                <h4>Requests are welcome at any time<\/h4>\r\n                                <div class=\"text\">We look forward to every requests for our handmade instruments.<\/div>\r\n                            <\/div>\r\n                        <\/div>\r\n                    <\/div>\r\n                                    <\/div>\r\n            <\/div>\r\n        <\/section>\r\n          \r\n\t\t\t\t\t\t<\/div>\n\t\t\t\t<\/div>\n\t\t\t\t\t<\/div>\n\t\t<\/div>\n\t\t\t\t\t<\/div>\n\t\t<\/section>\n\t\t\t\t<\/div>","protected":false},"excerpt":{"rendered":"<p>Klarinettenbau H\u00f6chste Pr\u00e4zision Wir fertigen Klarinetten und Metallklarinetten. 100% Made in Germany \u00dcber uns Kontakt Foag Klarinettenbau Klarinettenaus Meisterhand Wir fertigen hochwertige Musikinstrumente in unserem familiengef\u00fchrten Handwerksbetrieb. \u00dcber uns Kontakt Metallklarinettenbau Metallklarinettenf\u00fcr jeden Anspruch Wir fertigen Metallklarinetten in allen Baugr\u00f6\u00dfen von der G-hoch bis zur Kontrabassklarinette nach Ihren W\u00fcnschen. \u00dcber uns Kontakt Wir bauen Klarinettenaus [&hellip;]<\/p>\n","protected":false},"author":1,"featured_media":0,"parent":0,"menu_order":0,"comment_status":"closed","ping_status":"closed","template":"elementor_header_footer","meta":{"footnotes":""},"class_list":["post-1518","page","type-page","status-publish","hentry"],"_links":{"self":[{"href":"https:\/\/musik-foag.de\/en\/wp-json\/wp\/v2\/pages\/1518","targetHints":{"allow":["GET"]}}],"collection":[{"href":"https:\/\/musik-foag.de\/en\/wp-json\/wp\/v2\/pages"}],"about":[{"href":"https:\/\/musik-foag.de\/en\/wp-json\/wp\/v2\/types\/page"}],"author":[{"embeddable":true,"href":"https:\/\/musik-foag.de\/en\/wp-json\/wp\/v2\/users\/1"}],"replies":[{"embeddable":true,"href":"https:\/\/musik-foag.de\/en\/wp-json\/wp\/v2\/comments?post=1518"}],"version-history":[{"count":10,"href":"https:\/\/musik-foag.de\/en\/wp-json\/wp\/v2\/pages\/1518\/revisions"}],"predecessor-version":[{"id":3490,"href":"https:\/\/musik-foag.de\/en\/wp-json\/wp\/v2\/pages\/1518\/revisions\/3490"}],"wp:attachment":[{"href":"https:\/\/musik-foag.de\/en\/wp-json\/wp\/v2\/media?parent=1518"}],"curies":[{"name":"wp","href":"https:\/\/api.w.org\/{rel}","templated":true}]}}